{"id":1479,"date":"2024-09-20T07:44:36","date_gmt":"2024-09-20T07:44:36","guid":{"rendered":"https:\/\/dkembracingtheroot.taot.dk\/?page_id=1479"},"modified":"2024-09-20T08:54:52","modified_gmt":"2024-09-20T08:54:52","slug":"ungepanel","status":"publish","type":"page","link":"https:\/\/dkembracingtheroot.taot.dk\/index.php\/ungepanel\/","title":{"rendered":"ETR UNGEPANEL ANMELDER FORESTILLINGEN"},"content":{"rendered":"\n<div class=\"wp-block-columns alignwide is-layout-flex wp-container-core-columns-is-layout-28f84493 wp-block-columns-is-layout-flex\">\n<div class=\"wp-block-column is-layout-flow wp-block-column-is-layout-flow\">\n<div class=\"wp-block-columns is-layout-flex wp-container-core-columns-is-layout-28f84493 wp-block-columns-is-layout-flex\">\n<div class=\"wp-block-column is-layout-flow wp-block-column-is-layout-flow\">\n<figure class=\"wp-block-image size-full is-resized\"><img decoding=\"async\" src=\"https:\/\/dkembracingtheroot.taot.dk\/wp-content\/uploads\/2024\/09\/Unknown-6.jpg\" alt=\"\" class=\"wp-image-1495\" style=\"width:577px;height:auto\"\/><\/figure>\n<\/div>\n\n\n\n<div class=\"wp-block-column is-layout-flow wp-block-column-is-layout-flow\">\n<p><strong>Petrea:<\/strong> Det var meget sp\u00e6ndende og meget anderledes, ikke p\u00e5 en d\u00e5rlig m\u00e5de. Men det var lidt overv\u00e6ldende at se. Det var det her menneskedukketeater, s\u00e5 man skulle virkelig s\u00e5dan koncentrere sig om ikke at skelne dukkerne og menneskerne og ligesom se det hele som samlet&nbsp;<\/p>\n\n\n\n<p><strong>Nana:<\/strong> Det var de virkelig gode til. Dukken virkede som en rigtig person, s\u00e5dan som den bev\u00e6gede sig.<\/p>\n\n\n\n<p><strong>Petrea:<\/strong> Det var faktisk meget imponerende.<\/p>\n\n\n\n<p><strong>Ahmed<\/strong>: Jeg tror det vil ramme den \u00e6ldre m\u00e5lgruppe lidt mere end den unge, fordi det er m\u00e5ske noget de lidt \u00e6ldre kan relatere til. Det med at have nogle stressede perioder. Det har man ogs\u00e5 som unge, men jeg tror ogs\u00e5 det noget andet, n\u00e5r man er \u00e6ldre s\u00e5 kan man ikke bearbejde lige s\u00e5 meget.&nbsp;<\/p>\n<\/div>\n<\/div>\n<\/div>\n<\/div>\n\n\n\n<div class=\"wp-block-columns alignwide is-layout-flex wp-container-core-columns-is-layout-28f84493 wp-block-columns-is-layout-flex\">\n<div class=\"wp-block-column is-layout-flow wp-block-column-is-layout-flow\">\n<p><strong>Petrea:<\/strong> Jeg tror ogs\u00e5 det ville v\u00e6re godt for unge at se. Jeg tror det ville v\u00e6re lidt sv\u00e6rere at ramme en m\u00e5lgruppe af unge som vil v\u00e6re interesseret i det, fordi at jeg kunne godt forestille mig der var mange der ville v\u00e6re lidt skeptiske omkring det og m\u00e5ske ikke kunne tage det s\u00e5 seri\u00f8st, men hvis man rammer en m\u00e5lgruppe som vil kunne tage det seri\u00f8st, og som ogs\u00e5 ville kunne relatere til det, s\u00e5 tror jeg ogs\u00e5 det vil kunne komme rigtig dybt ind til rigtig mange unge.&nbsp;<\/p>\n\n\n\n<p><strong>Ahmed:<\/strong> jeg vil sige m\u00e5ske den m\u00e5lgruppe der f\u00f8ler sig allermest presset af b\u00e5de perfekthedskultur, pr\u00e6stationspres og pres fra skole, pres fra sociale medier, pres fra for\u00e6ldre, pres fra samfundet generelt. De unge der har det sv\u00e6rest i skolerne. De unge der muligvis har diagnoser, der har sv\u00e6rt ved at kunne bebrejde det meste og f\u00f8ler sig presset i sin hverdag. Det er nok de unge, som jeg tror kunne rammes bedst.&nbsp;Stykket det handlede om den her kvinde som arbejder, og arbejder og arbejder og begynder at f\u00f8le presset, hvor der sker en masse, masse ting oppe i hovedet. Hun t\u00e6nkte for meget over tingene og til sidst s\u00e5 begyndte hendes krop n\u00e6sten at give op.<\/p>\n<\/div>\n<\/div>\n\n\n\n<div class=\"wp-block-columns alignwide is-layout-flex wp-container-core-columns-is-layout-28f84493 wp-block-columns-is-layout-flex\">\n<div class=\"wp-block-column is-layout-flow wp-block-column-is-layout-flow\">\n<p><strong>Petrea:<\/strong> Hele hendes liv har hun v\u00e6ret inde i den her bobbel af, at hun har skulle lave det her fors\u00f8g og lige pludselig, s\u00e5 er hun f\u00e6rdig. Hun har f\u00e5et sin anerkendelse og s\u00e5 skal hun til at finde sin egen vej. Hun skal finde ud af, hvem hun er og hvad hun gerne vil og hun skal lige pludselig s\u00f8rge for, at hun ikke tr\u00e6der forkert, og det kan jo v\u00e6re s\u00e5 stressende\u2026 Det kan man godt, det kan jeg godt nikke genkendende til. Alts\u00e5 nu g\u00e5r vi lige pludselig i 9. klasse, og vi skal til at tage nogle beslutninger omkring, om vi skal p\u00e5 efterskole, og hvad vi skal i tiende klasse, gymnasiet&#8230; Man skal lige pludselig ud af den her bobbel, som hun har v\u00e6ret i s\u00e5 mange \u00e5r, og hun skal lige pludselig ud og finde sig selv.&nbsp;<\/p>\n\n\n\n<p><strong>Nana:<\/strong> Og s\u00e5 handler det om ligesom at g\u00e5 tilbage til r\u00f8dderne \u201cyou know\u201d ligesom de siger i navnet. S\u00e5dan noget med at finde naturen og ikke ikke stresse for meget. Til sidst s\u00e5 virkede som om hun fik meget fred. Fred med sig selv.<\/p>\n<\/div>\n\n\n\n<div class=\"wp-block-column is-layout-flow wp-block-column-is-layout-flow\">\n<figure class=\"wp-block-image size-full is-resized\"><img decoding=\"async\" src=\"https:\/\/dkembracingtheroot.taot.dk\/wp-content\/uploads\/2024\/09\/Unknown.jpg\" alt=\"\" class=\"wp-image-1493\" style=\"width:558px;height:auto\"\/><\/figure>\n<\/div>\n<\/div>\n\n\n\n<div class=\"wp-block-columns alignwide is-layout-flex wp-container-core-columns-is-layout-28f84493 wp-block-columns-is-layout-flex\">\n<div class=\"wp-block-column is-layout-flow wp-block-column-is-layout-flow\">\n<p><strong>Petrea:<\/strong> Finde der hvor man kommer fra.&nbsp; Alle mennesker fort\u00e6ller hende forskellige veje hun skal g\u00e5. Det bliver ligesom illustreret med de her slanger. Der alle sammen er s\u00e5dan \u201cvi kan finde den perfekte vej til dig\u201d og s\u00e5 g\u00e5r de bare i tre forskellige retninger igen og igen og igen, men s\u00e5 siger de ogs\u00e5 det her med, hvis du pr\u00f8ver at finde din vej, hvorfor g\u00e5r du s\u00e5 ikke? Det viser ogs\u00e5 rigtig godt det der med, at hvis man ikke pr\u00f8ver sig frem, s\u00e5 kommer man ikke frem til noget, og s\u00e5 ender man bare med at sidde fast, der hvor man er. Man har s\u00e5 travlt med at finde den rigtige vej, at man ikke t\u00f8r at tr\u00e6de forkert en gang imellem og komme til at g\u00e5 ned den forkerte vej for s\u00e5 at vende om igen. M\u00e5ske ogs\u00e5 frygten for at skulle starte forfra igen.&nbsp;Musikken var virkelig imponerende.<\/p>\n\n\n\n<p><strong>Nana:<\/strong> Ja. Jeg kunne godt lide harmonierne n\u00e5r de sang ,at der var nogle dybe stemmer og nogle lyse stemmer. Der var det der percussion, som ham der lavede i baggrunden, man kunne h\u00f8re han havde alt muligt fremme.<\/p>\n\n\n\n<p><strong>Petrea:<\/strong> S\u00e5 havde han flasker med til at illustrere, at der var en der kn\u00e6kkede nakken og s\u00e5dan nogle r\u00f8r med s\u00e5dan nogle sm\u00e5 glaskugler i som illustrerede vand.&nbsp;<\/p>\n\n\n\n<p><strong>Ahmed:<\/strong> Valget af instrumenter var genialt, synes jeg. Man kan man tydeligt m\u00e6rke, at det er nogle instrumenter og det nogle folk, der interagerer meget med stykket.&nbsp;<\/p>\n\n\n\n<p><strong>Petrea:<\/strong> Man kan m\u00e6rke, de l\u00e6gger alt hvad de har i det, og det er meget rart, at kunne m\u00e6rke at folk er s\u00e5 engageret omkring noget.&nbsp;<\/p>\n\n\n\n<div class=\"wp-block-columns is-layout-flex wp-container-core-columns-is-layout-28f84493 wp-block-columns-is-layout-flex\">\n<div class=\"wp-block-column is-layout-flow wp-block-column-is-layout-flow\">\n<figure class=\"wp-block-image size-full\"><img decoding=\"async\" src=\"https:\/\/dkembracingtheroot.taot.dk\/wp-content\/uploads\/2024\/09\/Unknown-8.jpg\" alt=\"\" class=\"wp-image-1501\"\/><\/figure>\n<\/div>\n\n\n\n<div class=\"wp-block-column is-layout-flow wp-block-column-is-layout-flow\">\n<p><strong>Ahmed:<\/strong> Der er en eller anden relation mellem naturen generelt og os mennesker. Et tr\u00e6 er det bedste eksempel. Man siger de tr\u00e6kker vejret som os. Bare det man interagerer med naturen, f\u00e5r dig til at t\u00e6nke mere klart, f\u00e5r dig til at t\u00e6nke mere ordentligt og s\u00e5 slapper man ogs\u00e5 mere af.&nbsp;<\/p>\n\n\n\n<p><strong>Petrea:<\/strong> Jeg synes godt, jeg kunne fange det med klimaet. Det handlede jo meget om at komme tilbage til der, hvor vi stammer fra og omfavne det lidt mere og v\u00e6rds\u00e6tte det lidt mere, og jeg synes ogs\u00e5 de her dyr, de ligesom fangede og lavede eksperimenter p\u00e5, selvom det nogle gange kan v\u00e6re videnskabeliget n\u00f8dvendigt, s\u00e5 er det stadigv\u00e6k vigtigt, at vi anerkender det nogle gange er nogle skr\u00e6kkelige ting, vi bliver n\u00f8dt til at g\u00f8re mod levende v\u00e6sener for selv at f\u00e5 en bedre forst\u00e5else af, hvordan vores verden fungerer.&nbsp;<\/p>\n\n\n\n<p><strong>Petrea:<\/strong> De blev ved med at synge det her med tog du den bl\u00e5 pille, tog du den orange pille, tog du den r\u00f8de pille, vi bliver n\u00f8dt til at vide det, vi bliver n\u00f8dt til at unders\u00f8ge, hvad de g\u00f8r ved din krop, og det havde jeg faktisk lidt sv\u00e6rt ved at forst\u00e5, fordi at jeg kunne ikke rigtig se, hvad meningen med medicin var. Jeg synes, der var et meget hurtigt skift fra, at hun vandt den der pris, til hun bare var helt psykotisk og skulle p\u00e5 alt muligt medicin.&nbsp;<\/p>\n\n\n\n<p><strong>Ahmed:<\/strong> Jeg forst\u00e5r det egentlig godt, fordi jeg kender selv nogle, der arbejder i psykiatrien og n\u00e5r syge mennesker ender s\u00e5dan nogle steder, s\u00e5 propper man dem med lykkepiller for at \u00e6ndre p\u00e5 folks f\u00f8lelser, og jeg var meget glad for, at det her stykke viste, at det er m\u00e5ske ikke lige det, der hj\u00e6lper, men det med at bruge noget tid som menneske til sig selv og med andre mennesker, og det ikke er de her piller der hj\u00e6lper. For s\u00e5dan er det ogs\u00e5 i virkeligheden egentlig.&nbsp;<\/p>\n<\/div>\n<\/div>\n<\/div>\n<\/div>\n\n\n\n<div class=\"wp-block-columns alignwide is-layout-flex wp-container-core-columns-is-layout-28f84493 wp-block-columns-is-layout-flex\">\n<div class=\"wp-block-column is-layout-flow wp-block-column-is-layout-flow\">\n<div class=\"wp-block-columns is-layout-flex wp-container-core-columns-is-layout-28f84493 wp-block-columns-is-layout-flex\">\n<div class=\"wp-block-column is-layout-flow wp-block-column-is-layout-flow\">\n<p><strong>Nana:<\/strong> For nogle mennesker.<\/p>\n\n\n\n<p><strong>Ahmed<\/strong>: Ja. For nogle mennesker.&nbsp;<\/p>\n\n\n\n<p><strong>Nana:<\/strong> Det kan v\u00e6re forskelligt jo.&nbsp;<\/p>\n\n\n\n<p><strong>Petrea:<\/strong> Jeg har b\u00e5de gode og d\u00e5rlige holdninger, omkring det her med at medicinere folk. Men jeg f\u00f8ler bare ikke, at det burde v\u00e6re den f\u00f8rste udvej. Jeg f\u00f8ler ikke bare vi burde medicinere for at medicinere. Jeg f\u00f8ler, at det viste ret godt, hvor hurtigt det hele bare skal g\u00e5 i vores sundhedssystem lige nu. Jeg f\u00f8ler at der bliver n\u00f8dt til at blive brugt noget mere tid p\u00e5 os som individuelle mennesker, n\u00e5r vi g\u00e5r igennem noget s\u00e5 h\u00e5rdt, som at skulle blive diagnosticeret. Det er for det f\u00f8rste en rigtig h\u00e5rd ting at g\u00e5 igennem, og hvis l\u00f8sningen s\u00e5 bare er det f\u00f8rste og letteste medicin\u2026Der er s\u00e5 mange mennesker, der bliver fejldiagnosticeret og fejlmedicineret, bare fordi, at det er det, der er det letteste og det er det, der g\u00e5r hurtigst. Det f\u00f8ler jeg at stykket illustrerede rigtig godt. Stykket har potentiale til at n\u00e5 dybt ind hos m\u00e5lgruppen af unge, der kan relatere sig til, hvordan det er at have det sv\u00e6rt og v\u00e6re presset.&nbsp;Det handler om ligesom at g\u00e5 tilbage til r\u00f8dderne, fort\u00e6ller de. S\u00e5dan noget med at finde naturen og ikke ikke stresse for meget. &#8211; at finde fred&#8221;.<\/p>\n<\/div>\n\n\n\n<div class=\"wp-block-column is-layout-flow wp-block-column-is-layout-flow\">\n<figure class=\"wp-block-image size-large\"><img decoding=\"async\" src=\"https:\/\/dkembracingtheroot.taot.dk\/wp-content\/uploads\/2024\/09\/026A3484embracingtheroot_by_MaikenKildegaard_2024_may16th_bw-1024x683.jpg\" alt=\"\" class=\"wp-image-1507\"\/><\/figure>\n<\/div>\n<\/div>\n<\/div>\n<\/div>\n\n\n\n<div class=\"wp-block-columns alignwide is-layout-flex wp-container-core-columns-is-layout-28f84493 wp-block-columns-is-layout-flex\">\n<div class=\"wp-block-column is-layout-flow wp-block-column-is-layout-flow\">\n<p><\/p>\n<\/div>\n<\/div>\n\n\n\n<p><\/p>\n","protected":false},"excerpt":{"rendered":"<p>Petrea: Det var meget sp\u00e6ndende og meget anderledes, ikke p\u00e5 en d\u00e5rlig m\u00e5de. Men det var lidt overv\u00e6ldende at se. Det var det her menneskedukketeater, s\u00e5 man skulle virkelig s\u00e5dan koncentrere sig om ikke at skelne dukkerne og menneskerne og ligesom se det hele som samlet&nbsp; Nana: Det var de virkelig gode til. Dukken virkede [&hellip;]<\/p>\n","protected":false},"author":1,"featured_media":0,"parent":0,"menu_order":0,"comment_status":"closed","ping_status":"closed","template":"","meta":{"footnotes":""},"class_list":["post-1479","page","type-page","status-publish","hentry"],"_links":{"self":[{"href":"https:\/\/dkembracingtheroot.taot.dk\/index.php\/wp-json\/wp\/v2\/pages\/1479","targetHints":{"allow":["GET"]}}],"collection":[{"href":"https:\/\/dkembracingtheroot.taot.dk\/index.php\/wp-json\/wp\/v2\/pages"}],"about":[{"href":"https:\/\/dkembracingtheroot.taot.dk\/index.php\/wp-json\/wp\/v2\/types\/page"}],"author":[{"embeddable":true,"href":"https:\/\/dkembracingtheroot.taot.dk\/index.php\/wp-json\/wp\/v2\/users\/1"}],"replies":[{"embeddable":true,"href":"https:\/\/dkembracingtheroot.taot.dk\/index.php\/wp-json\/wp\/v2\/comments?post=1479"}],"version-history":[{"count":14,"href":"https:\/\/dkembracingtheroot.taot.dk\/index.php\/wp-json\/wp\/v2\/pages\/1479\/revisions"}],"predecessor-version":[{"id":1510,"href":"https:\/\/dkembracingtheroot.taot.dk\/index.php\/wp-json\/wp\/v2\/pages\/1479\/revisions\/1510"}],"wp:attachment":[{"href":"https:\/\/dkembracingtheroot.taot.dk\/index.php\/wp-json\/wp\/v2\/media?parent=1479"}],"curies":[{"name":"wp","href":"https:\/\/api.w.org\/{rel}","templated":true}]}}