{"id":185,"date":"2024-03-23T14:44:32","date_gmt":"2024-03-23T14:44:32","guid":{"rendered":"https:\/\/embracingtheroot.taot.dk\/?page_id=185"},"modified":"2026-03-01T22:41:43","modified_gmt":"2026-03-01T22:41:43","slug":"asssociates","status":"publish","type":"page","link":"https:\/\/dkembracingtheroot.taot.dk\/index.php\/asssociates\/","title":{"rendered":"ASSSOCIATES"},"content":{"rendered":"\n<div style=\"height:39px\" aria-hidden=\"true\" class=\"wp-block-spacer\"><\/div>\n\n\n\n<hr class=\"wp-block-separator alignwide has-text-color has-base-2-color has-alpha-channel-opacity has-base-2-background-color has-background\"\/>\n\n\n\n<div class=\"wp-block-columns alignwide is-layout-flex wp-container-core-columns-is-layout-28f84493 wp-block-columns-is-layout-flex\">\n<div class=\"wp-block-column is-layout-flow wp-block-column-is-layout-flow\">\n<div class=\"wp-block-columns is-layout-flex wp-container-core-columns-is-layout-28f84493 wp-block-columns-is-layout-flex\">\n<div class=\"wp-block-column is-layout-flow wp-block-column-is-layout-flow\" style=\"padding-right:var(--wp--preset--spacing--10);padding-left:var(--wp--preset--spacing--10)\">\n<div class=\"wp-block-columns is-layout-flex wp-container-core-columns-is-layout-28f84493 wp-block-columns-is-layout-flex\">\n<div class=\"wp-block-column is-layout-flow wp-block-column-is-layout-flow\">\n<figure class=\"wp-block-image size-full is-resized\"><a href=\"https:\/\/philosophy.ucsc.edu\/faculty\/index.php?uid=kbarad\"><img decoding=\"async\" src=\"https:\/\/embracingtheroot.taot.dk\/wp-content\/uploads\/2024\/03\/Karen_Barad_350x235-edited.jpg\" alt=\"\" class=\"wp-image-476\" style=\"width:290px;height:auto\"\/><\/a><figcaption class=\"wp-element-caption\"><strong>KAREN BARAD<\/strong>&nbsp;(de\/dem)<br>Professor i feministiske studier, filosofi og bevidsthedshistorie ved University of California, Santa Cruz. Hendes forskning er blevet st\u00f8ttet af National Science Foundation, Ford Foundation, Hughes Foundation, Irvine Foundation, Mellon Foundation og National Endowment for Humanities. Meddirekt\u00f8r for uddannelsesprogrammet Science and Justice for postgraduate studerende ved UCSC, Barad er forfatter til Meeting the Universe Halfway: Quantum Physics and the Entanglement of Matter and Meaning (2007), en unders\u00f8gelse, hvor hun uddyber sit koncept og teoretiske forslag af agentrealisme. Hendes videnskabelige engagement er inden for omr\u00e5derne videnskab, teknologi og k\u00f8n.<\/figcaption><\/figure>\n<\/div>\n\n\n\n<div class=\"wp-block-column is-layout-flow wp-block-column-is-layout-flow\">\n<figure class=\"wp-block-image size-large\"><a href=\"https:\/\/systemsawareness.org\/person\/steen-hildebrandt\/\"><img decoding=\"async\" src=\"https:\/\/embracingtheroot.taot.dk\/wp-content\/uploads\/2024\/03\/Foto-9677-1024x683.jpg\" alt=\"\" class=\"wp-image-201\" style=\"aspect-ratio:1;object-fit:cover\"\/><\/a><figcaption class=\"wp-element-caption\"><strong>STEEN HILDEBRANDT<\/strong><br>Ph.d., professor emeritus ved Aarhus Universitet, Danmark. B\u00e6redygtig ledelse, social \u00f8kologi, st\u00e6rkt optaget af FN&#8217;s 17 verdensm\u00e5l. Forbundet&nbsp;optaget af holistisk t\u00e6nkning og generel systemteori.<\/figcaption><\/figure>\n<\/div>\n<\/div>\n<\/div>\n\n\n\n<div class=\"wp-block-column is-layout-flow wp-block-column-is-layout-flow\" style=\"padding-right:var(--wp--preset--spacing--10);padding-left:var(--wp--preset--spacing--10)\">\n<div class=\"wp-block-columns is-layout-flex wp-container-core-columns-is-layout-28f84493 wp-block-columns-is-layout-flex\">\n<div class=\"wp-block-column is-layout-flow wp-block-column-is-layout-flow\">\n<figure class=\"wp-block-image size-full is-resized\"><a href=\"https:\/\/www.libd.org\/team\/Daniel-Weinberger\/\"><img decoding=\"async\" src=\"https:\/\/embracingtheroot.taot.dk\/wp-content\/uploads\/2024\/03\/DanielWeinberger-2-edited.jpg\" alt=\"\" class=\"wp-image-497\" style=\"object-fit:cover;width:289px;height:auto\"\/><\/a><figcaption class=\"wp-element-caption\"><strong>DANIEL WEINBERGER<\/strong><br>Direkt\u00f8r og administrerende direkt\u00f8r ved&nbsp;Lieber Institute&nbsp;for Brain Development, Johns Hopkins University Medical Campus. Daniel og Lieber Institute har st\u00f8ttet Embracing the Root Project lige fra starten, og b\u00e5de Daniel og Instituttet giver v\u00e6rdifuld viden og st\u00f8tter projektet med naturv\u00e6rdier som promotion og netv\u00e6rk.<\/figcaption><\/figure>\n<\/div>\n\n\n\n<div class=\"wp-block-column is-layout-flow wp-block-column-is-layout-flow\">\n<figure class=\"wp-block-image size-full\"><a href=\"https:\/\/www.psykologanders.dk\"><img decoding=\"async\" src=\"https:\/\/embracingtheroot.taot.dk\/wp-content\/uploads\/2024\/03\/424915204_411172404765928_3547807341089182884_n-edited.jpg\" alt=\"\" class=\"wp-image-418\" style=\"aspect-ratio:1;object-fit:cover\"\/><\/a><figcaption class=\"wp-element-caption\"><strong>ANDERS S\u00d8RENSEN&nbsp;<\/strong><br>Psykolog og videnskabsmand, ph.d. i psykiatri, specialiseret i at hj\u00e6lpe mennesker med at slippe af med psykiatriske stoffer og i stoffri, psykoterapeutisk behandling af psykopatologi som depression, angst og psykose. Anders pr\u00e6senterer, hvordan man helbreder fra psykopatologi uden stoffer, men med vores eget sind. &#8220;Eftersom tr\u00e6er og planter ved, hvordan man deler hj\u00e6lp og helbredelse med hensyn til overlevelse, har den menneskelige krop og hjerne lignende og naturlige iboende ressourcer til at helbrede.&#8221;<\/figcaption><\/figure>\n<\/div>\n<\/div>\n<\/div>\n<\/div>\n<\/div>\n<\/div>\n\n\n\n<div class=\"wp-block-group alignwide has-global-padding is-layout-constrained wp-block-group-is-layout-constrained\">\n<div class=\"wp-block-columns alignwide is-layout-flex wp-container-core-columns-is-layout-28f84493 wp-block-columns-is-layout-flex\">\n<div class=\"wp-block-column is-layout-flow wp-block-column-is-layout-flow\" style=\"flex-basis:100%\">\n<div class=\"wp-block-columns is-layout-flex wp-container-core-columns-is-layout-28f84493 wp-block-columns-is-layout-flex\">\n<div class=\"wp-block-column is-layout-flow wp-block-column-is-layout-flow\"><\/div>\n<\/div>\n<\/div>\n<\/div>\n<\/div>\n\n\n\n<div class=\"wp-block-columns alignwide is-layout-flex wp-container-core-columns-is-layout-4e25967d wp-block-columns-is-layout-flex\" style=\"padding-right:var(--wp--preset--spacing--10);padding-left:var(--wp--preset--spacing--10)\">\n<div class=\"wp-block-column is-layout-flow wp-block-column-is-layout-flow\">\n<div class=\"wp-block-columns is-layout-flex wp-container-core-columns-is-layout-28f84493 wp-block-columns-is-layout-flex\">\n<div class=\"wp-block-column is-layout-flow wp-block-column-is-layout-flow\">\n<div class=\"wp-block-columns is-layout-flex wp-container-core-columns-is-layout-28f84493 wp-block-columns-is-layout-flex\">\n<div class=\"wp-block-column is-layout-flow wp-block-column-is-layout-flow\">\n<figure class=\"wp-block-image size-full\"><a href=\"https:\/\/dk.linkedin.com\/in\/trine-torp-9822bb119?challengeId=AQGBbLCf8Sk0lAAAAY-6xW5xD6eV-gnr7-gXIlVzvKcMEEPKKv3Neg3eYwFpekbLnkuF_1zvYDwFt4KgMccAuDhrbx_-Mij_Gg&amp;submissionId=03d376f9-a663-d317-75ea-d3f7e3bf5764&amp;challengeSource=AgGrRuGIFn0ZAAAAAY-6xXfaT7OeLFgsu334PNehYv4UHfzujrj3ajgosoteHsA&amp;challegeType=AgHFy6ycoJgn-gAAAY-6xXfdKhZ-MeeE594HFR1eKExzTrH4edEXcSQ&amp;memberId=AgFSwZM6LkmiSAAAAY-6xXfhBNRFMirwyL-bRpLZEgU42kE&amp;recognizeDevice=AgF8oRNgz_PPmwAAAY-6xXflEk3Ysds0fW25wAyOyuilLfVhj5WL&amp;original_referer=https%3A%2F%2Fwww.linkedin.com%2F\"><img decoding=\"async\" src=\"https:\/\/embracingtheroot.taot.dk\/wp-content\/uploads\/2024\/03\/Portraet-Trine-Torp.jpg\" alt=\"\" class=\"wp-image-215\" style=\"aspect-ratio:1;object-fit:cover\"\/><\/a><figcaption class=\"wp-element-caption\"><strong>TRINE TORP<\/strong><br>Autoriseret psykolog, selvst\u00e6ndig konsulent og supervisor. Flere \u00e5rs erfaring med politik som medlem af kommunalbestyrelsen og i Folketinget med s\u00e6rlig interesse for socialpolitik, psykiatri, natur og milj\u00f8. I krydsfeltet mellem psykologi, natur og politik er Trine optaget af at styrke vilk\u00e5r for livet og menneskers tilknytning til sig selv, hinanden og naturen og har faglig og politisk erfaring med at skabe trivsel og forandring for og med mennesker i relationer og organisationer.<\/figcaption><\/figure>\n<\/div>\n\n\n\n<div class=\"wp-block-column is-layout-flow wp-block-column-is-layout-flow\">\n<figure class=\"wp-block-image size-large\"><a href=\"https:\/\/www.simonhoegmark.dk\"><img decoding=\"async\" src=\"https:\/\/embracingtheroot.taot.dk\/wp-content\/uploads\/2024\/03\/Simon-Hoeegmark-Portraet-edited.jpeg\" alt=\"\" class=\"wp-image-204\" style=\"aspect-ratio:1;object-fit:cover\"\/><\/a><figcaption class=\"wp-element-caption\"><strong>SIMON H\u00d8EGMARK<\/strong><br>Ph.d. i naturpsykologi fra Psykologisk Institut, kandidat i naturvidenskab og naturvejleder. Simon er direkt\u00f8r og stifter af virksomheden ViNatur. Han har i mange \u00e5r specialiseret sig i naturbaseret sundhedsfremme, trivsel og regenerativ ledelse. Simon er en pioner inden for udvikling og implementering af naturbaseret sundhedsfremme. Simon tager udgangspunkt i \u00f8kosystemet og de levende systemer som omdrejningspunktet for at skabe st\u00f8rre indre og ydre b\u00e6redygtighed, samt hvordan vi skal organisere os og udvikle samfundet.<\/figcaption><\/figure>\n<\/div>\n<\/div>\n<\/div>\n\n\n\n<div class=\"wp-block-column is-layout-flow wp-block-column-is-layout-flow\">\n<div class=\"wp-block-columns is-layout-flex wp-container-core-columns-is-layout-28f84493 wp-block-columns-is-layout-flex\">\n<div class=\"wp-block-column is-layout-flow wp-block-column-is-layout-flow\">\n<figure class=\"wp-block-image size-full is-resized\"><a href=\"https:\/\/filosofiskpraksis.dk\/baggrund\/\"><img decoding=\"async\" src=\"https:\/\/embracingtheroot.taot.dk\/wp-content\/uploads\/2024\/03\/david-ny-edited.jpg\" alt=\"\" class=\"wp-image-520\" style=\"object-fit:cover;width:299px;height:auto\"\/><\/a><figcaption class=\"wp-element-caption\"><strong>David Mark Larsson<\/strong><br>Filosof. Formand for Dansk Selskab for Filosofisk Praksis.MA i filosofi &amp; japansk med speciale i \u00f8stlig filosofi (daoisme\/zen) og f\u00e6nomenologi. Ekstern lektor i filosofi ved Statens Scenekunstskole. I \u00f8jeblikket ansat i psykiatrisk forskning. Det japanske udtryk for selvbevidsthed kan bogstaveligt overs\u00e6ttes som &#8220;af-sig-selv-opv\u00e5gning&#8221; og antyder en tilstand, hvor der ikke er nogen objektiv gr\u00e6nse mellem selvet og naturen. Sindet, n\u00e5r det ses p\u00e5 denne m\u00e5de, er det spontane flow af kosmos, mens vores handlinger bliver det levende, indbyrdes forbundne udtryk for denne udfoldelse. Jeg kan ikke komme i tanke om en bedre m\u00e5de at sige, at vi skal lytte n\u00e6rmere til naturens visdom i os selv, eller for at sige det mere enkelt &#8211; vi er n\u00f8dt til at omfavne roden.&#8221;<\/figcaption><\/figure>\n<\/div>\n\n\n\n<div class=\"wp-block-column is-layout-flow wp-block-column-is-layout-flow\">\n<figure class=\"wp-block-image size-full is-resized\"><a href=\"https:\/\/publichealth.ku.dk\/staff\/?pure=en\/persons\/46512\"><img decoding=\"async\" src=\"https:\/\/embracingtheroot.taot.dk\/wp-content\/uploads\/2024\/03\/Jeanette_B_L_Knox_550x300-edited.jpeg\" alt=\"\" class=\"wp-image-395\" style=\"width:298px;height:auto\"\/><\/a><figcaption class=\"wp-element-caption\"><strong>JEANETTE KNOX<\/strong><br>Lektor. Sektion for Sundhedstjenesteforskning, KU.Jeanette studerer gr\u00e6nsefladerne mellem filosofi, kunst og medicin for at unders\u00f8ge humanistiske og etiske aspekter af sygdom, behandling og sundhed.<\/figcaption><\/figure>\n<\/div>\n<\/div>\n<\/div>\n<\/div>\n<\/div>\n<\/div>\n\n\n\n<div class=\"wp-block-columns alignwide is-layout-flex wp-container-core-columns-is-layout-4e25967d wp-block-columns-is-layout-flex\" style=\"padding-right:var(--wp--preset--spacing--10);padding-left:var(--wp--preset--spacing--10)\">\n<div class=\"wp-block-column is-layout-flow wp-block-column-is-layout-flow\"><\/div>\n<\/div>\n\n\n\n<div class=\"wp-block-columns alignwide is-layout-flex wp-container-core-columns-is-layout-28f84493 wp-block-columns-is-layout-flex\">\n<div class=\"wp-block-column is-layout-flow wp-block-column-is-layout-flow\" style=\"padding-right:var(--wp--preset--spacing--10);padding-left:var(--wp--preset--spacing--10)\">\n<div class=\"wp-block-columns is-layout-flex wp-container-core-columns-is-layout-28f84493 wp-block-columns-is-layout-flex\">\n<div class=\"wp-block-column is-layout-flow wp-block-column-is-layout-flow\">\n<figure class=\"wp-block-image size-full is-resized\"><img loading=\"lazy\" decoding=\"async\" width=\"1916\" height=\"1916\" src=\"https:\/\/dkembracingtheroot.taot.dk\/wp-content\/uploads\/2024\/06\/Portraet-BB-edited.jpeg\" alt=\"\" class=\"wp-image-1007\" style=\"width:289px;height:auto\" srcset=\"https:\/\/dkembracingtheroot.taot.dk\/wp-content\/uploads\/2024\/06\/Portraet-BB-edited.jpeg 1916w, https:\/\/dkembracingtheroot.taot.dk\/wp-content\/uploads\/2024\/06\/Portraet-BB-edited-300x300.jpeg 300w, https:\/\/dkembracingtheroot.taot.dk\/wp-content\/uploads\/2024\/06\/Portraet-BB-edited-1024x1024.jpeg 1024w, https:\/\/dkembracingtheroot.taot.dk\/wp-content\/uploads\/2024\/06\/Portraet-BB-edited-150x150.jpeg 150w, https:\/\/dkembracingtheroot.taot.dk\/wp-content\/uploads\/2024\/06\/Portraet-BB-edited-768x768.jpeg 768w, https:\/\/dkembracingtheroot.taot.dk\/wp-content\/uploads\/2024\/06\/Portraet-BB-edited-1536x1536.jpeg 1536w\" sizes=\"auto, (max-width: 1916px) 100vw, 1916px\" \/><figcaption class=\"wp-element-caption\"><strong>BIRGIT BUNDESEN<\/strong><br>Birgit Bundesen er psykiater og litteraturforsker. Hun har grundlagt Dansk Center for Kunst og Mental sundhed, der udvikler kunstbaserede indsatser til psykiatribrugere. Hun arbejder som ledende klinisk konsulent p\u00e5 Psykisk Sundhedscenter Amager, hvor hun ogs\u00e5 leder forskningsprogrammet REWRITALISE, der unders\u00f8ger effekterne p\u00e5 deltagende kunstgrupper for mennesker med psykiske problemer. Hun har en livslang interesse for bevidsthed og sprog. Hendes fokus er p\u00e5 f\u00e6nomenologiske beretninger om oplevelsen af \u200b\u200bpsykopatologi og kreativitet ved hj\u00e6lp af \u00f8kologiske modeller, hvor hjernen er en del af en \u00f8kologi af sind, krop og verden.<\/figcaption><\/figure>\n<\/div>\n\n\n\n<div class=\"wp-block-column is-layout-flow wp-block-column-is-layout-flow\">\n<figure class=\"wp-block-image size-full is-resized\"><a href=\"https:\/\/www.bric.ku.dk\/research-groups\/Research\/khodosevich-group\/\"><img decoding=\"async\" src=\"https:\/\/embracingtheroot.taot.dk\/wp-content\/uploads\/2024\/03\/KK.png\" alt=\"\" class=\"wp-image-214\" style=\"aspect-ratio:1;object-fit:cover;width:291px;height:auto\"\/><\/a><figcaption class=\"wp-element-caption\"><strong>KONSTANTIN KHODOSEVICH<\/strong><br>Professor inden for hjerneudvikling og psykiatriske lidelser &amp; gruppeleder ved Biotech Research &amp; Innovation Center (KU).I \u00e5renes l\u00f8b har Konstantins forskning fokuseret p\u00e5 at adressere n\u00f8glesp\u00f8rgsm\u00e5lene for vores forst\u00e5else af hjernens funktion &#8220;hvordan et s\u00e5 komplekst organ som hjernen opbygges under udvikling?&#8221; og &#8220;hvad g\u00e5r galt i neuroudviklingsforstyrrelser?&#8221;. Konstantin er forpligtet til at formidle kompleks videnskabelig forskning i tilg\u00e6ngelige fort\u00e6llinger og give samfundet mulighed for at bidrage til en gr\u00f8nnere planet.<\/figcaption><\/figure>\n<\/div>\n<\/div>\n<\/div>\n\n\n\n<div class=\"wp-block-column is-vertically-aligned-stretch is-layout-flow wp-block-column-is-layout-flow\" style=\"padding-right:var(--wp--preset--spacing--10);padding-left:var(--wp--preset--spacing--10)\">\n<div class=\"wp-block-columns is-layout-flex wp-container-core-columns-is-layout-28f84493 wp-block-columns-is-layout-flex\">\n<div class=\"wp-block-column is-layout-flow wp-block-column-is-layout-flow\">\n<figure class=\"wp-block-image size-full is-resized\"><a href=\"https:\/\/www.linkedin.com\/in\/krutikabavishi\/\"><img decoding=\"async\" src=\"https:\/\/embracingtheroot.taot.dk\/wp-content\/uploads\/2024\/03\/Picture-edited.png\" alt=\"\" class=\"wp-image-206\" style=\"object-fit:cover;width:288px;height:auto\"\/><\/a><figcaption class=\"wp-element-caption\"><strong>KRUTIKA BAVISHI<\/strong><br>Plantebiokemiker med en MSc i Bioteknologi (Indian Institute of Technology) og PhD i Synthetic Biology (K\u00f8benhavns Universitet) fulgte post-doc forskningsarbejde i proteiner og planteinfektionsbiologi. Gennem sin forskning blev Krutika dybt interesseret i naturen, bevidstheden, f\u00e6llesskaber og sammenh\u00e6ngen mellem forskellige livsformer. Hun er motiveret til at kombinere sin kunstneriske passion med videnskabelig erfaring for at skabe en positiv indvirkning p\u00e5 klimaforandringerne og samfundet.<\/figcaption><\/figure>\n<\/div>\n\n\n\n<div class=\"wp-block-column is-layout-flow wp-block-column-is-layout-flow\">\n<figure class=\"wp-block-image size-large is-resized\"><a href=\"https:\/\/jeffollerton.co.uk\"><img decoding=\"async\" src=\"https:\/\/embracingtheroot.taot.dk\/wp-content\/uploads\/2024\/03\/Jeff-Ollerton-768x1024.jpg\" alt=\"\" class=\"wp-image-217\" style=\"aspect-ratio:1;object-fit:cover;width:289px;height:auto\"\/><\/a><figcaption class=\"wp-element-caption\"><strong>JEFF OLLERTON<\/strong><br>Konsulent videnskabsmand og forfatter, ph.d. i plantereproduktiv \u00f8kologi, arbejder i gr\u00e6nsefladen mellem biodiversitetsforskning og menneskelige relationer med resten af \u200b\u200bnaturen.<\/figcaption><\/figure>\n<\/div>\n<\/div>\n<\/div>\n<\/div>\n\n\n\n<div class=\"wp-block-columns is-layout-flex wp-container-core-columns-is-layout-28f84493 wp-block-columns-is-layout-flex\">\n<div class=\"wp-block-column is-layout-flow wp-block-column-is-layout-flow\">\n<div class=\"wp-block-columns is-layout-flex wp-container-core-columns-is-layout-28f84493 wp-block-columns-is-layout-flex\">\n<div class=\"wp-block-column is-layout-flow wp-block-column-is-layout-flow\"><\/div>\n\n\n\n<div class=\"wp-block-column is-layout-flow wp-block-column-is-layout-flow\">\n<figure class=\"wp-block-image size-full is-resized\"><a href=\"https:\/\/www.linkedin.com\/in\/sofhidalgo\/\"><img decoding=\"async\" src=\"https:\/\/embracingtheroot.taot.dk\/wp-content\/uploads\/2024\/03\/Sofia-Hidalgo.jpeg\" alt=\"\" class=\"wp-image-219\" style=\"width:297px;height:auto\"\/><\/a><figcaption class=\"wp-element-caption\"><strong>SOFIA HIDALGO<\/strong><br>Neuroforsker, biolog. Efter at have modtaget sin bachelorgrad i biokemi&nbsp;med koncentration i STEM-uddannelse&nbsp;og neurovidenskab i forskning&nbsp;fra University of Texas i Dallas, forts\u00e6tter Sofia Hidalgo med at str\u00e6be efter at videreuddanne sig inden for det nye omr\u00e5de for p\u00e6dagogisk neurovidenskab.<\/figcaption><\/figure>\n\n\n\n<div class=\"wp-block-columns is-layout-flex wp-container-core-columns-is-layout-28f84493 wp-block-columns-is-layout-flex\">\n<div class=\"wp-block-column is-layout-flow wp-block-column-is-layout-flow\"><\/div>\n<\/div>\n<\/div>\n<\/div>\n<\/div>\n<\/div>\n\n\n\n<div class=\"wp-block-columns is-layout-flex wp-container-core-columns-is-layout-28f84493 wp-block-columns-is-layout-flex\">\n<div class=\"wp-block-column is-layout-flow wp-block-column-is-layout-flow\"><\/div>\n\n\n\n<div class=\"wp-block-column is-layout-flow wp-block-column-is-layout-flow\"><\/div>\n<\/div>\n\n\n\n<div style=\"height:40px\" aria-hidden=\"true\" class=\"wp-block-spacer\"><\/div>\n\n\n\n<div class=\"wp-block-columns alignwide is-layout-flex wp-container-core-columns-is-layout-28f84493 wp-block-columns-is-layout-flex\">\n<div class=\"wp-block-column is-layout-flow wp-block-column-is-layout-flow\"><\/div>\n<\/div>\n\n\n\n<div class=\"wp-block-columns alignwide is-layout-flex wp-container-core-columns-is-layout-28f84493 wp-block-columns-is-layout-flex\">\n<div class=\"wp-block-column is-layout-flow wp-block-column-is-layout-flow\">\n<figure class=\"wp-block-image aligncenter size-full is-resized\"><a href=\"https:\/\/www.judson.org\"><img decoding=\"async\" src=\"https:\/\/embracingtheroot.taot.dk\/wp-content\/uploads\/2024\/03\/Judson_Logo_Black.png\" alt=\"\" class=\"wp-image-227\" style=\"width:380px;height:auto\"\/><\/a><\/figure>\n<\/div>\n\n\n\n<div class=\"wp-block-column is-layout-flow wp-block-column-is-layout-flow\">\n<figure class=\"wp-block-image aligncenter size-large is-resized\"><a href=\"https:\/\/www.peteryarrow.net\"><img decoding=\"async\" src=\"https:\/\/embracingtheroot.taot.dk\/wp-content\/uploads\/2024\/03\/Petter-Yarrow-for-Lyric-900-x-600-1-1024x683.jpeg\" alt=\"\" class=\"wp-image-228\" style=\"width:277px;height:auto\"\/><\/a><\/figure>\n<\/div>\n\n\n\n<div class=\"wp-block-column is-layout-flow wp-block-column-is-layout-flow\">\n<div class=\"wp-block-cover aligncenter\" style=\"min-height:179px;aspect-ratio:unset;\"><img decoding=\"async\" class=\"wp-block-cover__image-background wp-image-229\" alt=\"\" src=\"https:\/\/embracingtheroot.taot.dk\/wp-content\/uploads\/2024\/03\/Bronshoj_Vandtaarn_kred_Kim_Hoelterman-indholdsside_alm_1-1024x768.jpg\" style=\"object-position:49% 52%\" data-object-fit=\"cover\" data-object-position=\"49% 52%\"\/><span aria-hidden=\"true\" class=\"wp-block-cover__background has-background-dim\"><\/span><div class=\"wp-block-cover__inner-container is-layout-flow wp-block-cover-is-layout-flow\">\n<p class=\"has-text-align-center has-large-font-size\"><strong>The Watertower in Broenshoej, Copenhagen<\/strong><\/p>\n<\/div><\/div>\n<\/div>\n<\/div>\n\n\n\n<div class=\"wp-block-columns is-layout-flex wp-container-core-columns-is-layout-28f84493 wp-block-columns-is-layout-flex\">\n<div class=\"wp-block-column is-layout-flow wp-block-column-is-layout-flow\">\n<figure class=\"wp-block-image aligncenter size-full is-resized\"><a href=\"https:\/\/www.thevillagetrip.com\/the-village-trip-festival-celebrates-arts-and-activism-in-greenwich-village-september-18-26-2021\/\"><img decoding=\"async\" src=\"https:\/\/embracingtheroot.taot.dk\/wp-content\/uploads\/2024\/03\/TVT-Trademark-800.jpg\" alt=\"\" class=\"wp-image-371\" style=\"width:448px;height:auto\"\/><\/a><\/figure>\n<\/div>\n<\/div>\n","protected":false},"excerpt":{"rendered":"","protected":false},"author":1,"featured_media":0,"parent":0,"menu_order":0,"comment_status":"closed","ping_status":"closed","template":"page-no-title","meta":{"footnotes":""},"class_list":["post-185","page","type-page","status-publish","hentry"],"_links":{"self":[{"href":"https:\/\/dkembracingtheroot.taot.dk\/index.php\/wp-json\/wp\/v2\/pages\/185","targetHints":{"allow":["GET"]}}],"collection":[{"href":"https:\/\/dkembracingtheroot.taot.dk\/index.php\/wp-json\/wp\/v2\/pages"}],"about":[{"href":"https:\/\/dkembracingtheroot.taot.dk\/index.php\/wp-json\/wp\/v2\/types\/page"}],"author":[{"embeddable":true,"href":"https:\/\/dkembracingtheroot.taot.dk\/index.php\/wp-json\/wp\/v2\/users\/1"}],"replies":[{"embeddable":true,"href":"https:\/\/dkembracingtheroot.taot.dk\/index.php\/wp-json\/wp\/v2\/comments?post=185"}],"version-history":[{"count":50,"href":"https:\/\/dkembracingtheroot.taot.dk\/index.php\/wp-json\/wp\/v2\/pages\/185\/revisions"}],"predecessor-version":[{"id":1732,"href":"https:\/\/dkembracingtheroot.taot.dk\/index.php\/wp-json\/wp\/v2\/pages\/185\/revisions\/1732"}],"wp:attachment":[{"href":"https:\/\/dkembracingtheroot.taot.dk\/index.php\/wp-json\/wp\/v2\/media?parent=185"}],"curies":[{"name":"wp","href":"https:\/\/api.w.org\/{rel}","templated":true}]}}