{"id":27,"date":"2024-03-22T18:00:53","date_gmt":"2024-03-22T18:00:53","guid":{"rendered":"https:\/\/embracingtheroot.taot.dk\/?page_id=2"},"modified":"2024-10-11T10:27:13","modified_gmt":"2024-10-11T10:27:13","slug":"sample-page-2","status":"publish","type":"page","link":"https:\/\/dkembracingtheroot.taot.dk\/index.php\/sample-page-2\/","title":{"rendered":"THE PROJECT"},"content":{"rendered":"\n<div style=\"height:30px\" aria-hidden=\"true\" class=\"wp-block-spacer\"><\/div>\n\n\n\n<div class=\"wp-block-columns alignwide is-layout-flex wp-container-core-columns-is-layout-28f84493 wp-block-columns-is-layout-flex\">\n<div class=\"wp-block-column is-layout-flow wp-block-column-is-layout-flow\" style=\"flex-basis:100%\">\n<div class=\"wp-block-media-text is-stacked-on-mobile is-vertically-aligned-top is-image-fill\" style=\"grid-template-columns:24% auto\"><figure class=\"wp-block-media-text__media\" style=\"background-image:url(https:\/\/dkembracingtheroot.taot.dk\/wp-content\/uploads\/2024\/09\/026A7026_maikenkildegaard_embracing_the_root_2024-683x1024.jpg);background-position:50% 50%\"><img loading=\"lazy\" decoding=\"async\" width=\"683\" height=\"1024\" src=\"https:\/\/dkembracingtheroot.taot.dk\/wp-content\/uploads\/2024\/09\/026A7026_maikenkildegaard_embracing_the_root_2024-683x1024.jpg\" alt=\"\" class=\"wp-image-1445 size-full\" srcset=\"https:\/\/dkembracingtheroot.taot.dk\/wp-content\/uploads\/2024\/09\/026A7026_maikenkildegaard_embracing_the_root_2024-683x1024.jpg 683w, https:\/\/dkembracingtheroot.taot.dk\/wp-content\/uploads\/2024\/09\/026A7026_maikenkildegaard_embracing_the_root_2024-200x300.jpg 200w, https:\/\/dkembracingtheroot.taot.dk\/wp-content\/uploads\/2024\/09\/026A7026_maikenkildegaard_embracing_the_root_2024-768x1152.jpg 768w, https:\/\/dkembracingtheroot.taot.dk\/wp-content\/uploads\/2024\/09\/026A7026_maikenkildegaard_embracing_the_root_2024-1024x1536.jpg 1024w, https:\/\/dkembracingtheroot.taot.dk\/wp-content\/uploads\/2024\/09\/026A7026_maikenkildegaard_embracing_the_root_2024-1365x2048.jpg 1365w, https:\/\/dkembracingtheroot.taot.dk\/wp-content\/uploads\/2024\/09\/026A7026_maikenkildegaard_embracing_the_root_2024-scaled.jpg 1707w\" sizes=\"auto, (max-width: 683px) 100vw, 683px\" \/><\/figure><div class=\"wp-block-media-text__content\">\n<p class=\"has-system-sans-serif-font-family has-large-font-size\">EMBRACING THE ROOT<\/p>\n\n\n\n<p class=\"has-system-sans-serif-font-family\" style=\"font-style:normal;font-weight:100\">er scenekunst med musik, drama, dukker og planter i bev\u00e6gelse.<br>Forestillingen inviterer publikum ind i en magisk verden med tr\u00e6er, r\u00f8dder og dukker som hovedakt\u00f8rerne i en sanselig&nbsp;musikdramatisk fantasi om sammenh\u00e6ng og f\u00e6llesskab.&nbsp;<\/p>\n\n\n\n<p class=\"has-system-sans-serif-font-family\" style=\"font-style:normal;font-weight:100\">Ide og musik af New York-baserede komponist Carman Moore og danske skuespiller, sanger og iv\u00e6rks\u00e6tter Lotte Arnsbjerg. Dukker, scenografi og instruktion af&nbsp;Rolf S\u00f8borg Hansen.&nbsp;<\/p>\n\n\n\n<p class=\"has-system-sans-serif-font-family\" style=\"font-style:normal;font-weight:100\">Dramaets hovedperson (dukke) er en succes drevet hjerneforsker, der midt i et ambiti\u00f8st projekt om paralleller mellem klimaets stresstilstand&nbsp; og menneskets hjerne, selv kollapser af stress og indl\u00e6gges p\u00e5 psykiatrisk hospital. I m\u00f8det med sammenbruddet n\u00e5r forskeren frem til nye erkendelser, der nedbryder barrierer omkring den opst\u00e5ede f\u00f8lelsesl\u00f8shed, og sender hende videre p\u00e5 en rejse, som opl\u00f8ser tid og sted, og leder os ind i en forhistorisk skov, hvor de f\u00f8rste homo sapiens levede i \u00e5rhundreder blandt tr\u00e6erne, som \u00e9n familie.&nbsp;<\/p>\n<\/div><\/div>\n<\/div>\n<\/div>\n\n\n\n<div class=\"wp-block-columns alignwide is-layout-flex wp-container-core-columns-is-layout-28f84493 wp-block-columns-is-layout-flex\">\n<div class=\"wp-block-column is-vertically-aligned-center is-layout-flow wp-block-column-is-layout-flow\" style=\"flex-basis:100%\">\n<div class=\"wp-block-media-text has-media-on-the-right is-stacked-on-mobile is-image-fill has-base-2-color has-text-color has-link-color wp-elements-66ed7a3234a0b6a99fedd8ae222b7e36\" style=\"grid-template-columns:auto 51%\"><div class=\"wp-block-media-text__content\">\n<p class=\"has-system-sans-serif-font-family has-large-font-size\">KLIMA\u00c6NDRINGER&nbsp;er ved at ske \u2013 inde og ude.<\/p>\n\n\n\n<p class=\"has-system-sans-serif-font-family\" style=\"font-style:normal;font-weight:100\">Som Albert Einstein sagde, vil vi ikke v\u00e6re i stand til at l\u00f8se et problem med den samme energi, som problemet blev skabt af. Vi m\u00e5 \u00e6ndre noget.<\/p>\n\n\n\n<p class=\"has-system-sans-serif-font-family\" style=\"font-style:normal;font-weight:100\">Vi oplever virkeligheden af \u200b\u200bs\u00e5 mange forandringer, som menneskelivet p\u00e5 jorden bevirker &#8211; og vi st\u00e5r over for behovet for&nbsp;aftaler om b\u00e6redygtig udvikling &#8211; et er FNs 17 udviklingsm\u00e5l.<\/p>\n\n\n\n<p class=\"has-system-sans-serif-font-family\" style=\"font-style:normal;font-weight:100\">Men hvordan realiserer man en plan for b\u00e6redygtig forandring uden at tage sig af menneskets indre klima\u00e6ndringer?<\/p>\n\n\n\n<p class=\"has-system-sans-serif-font-family\" style=\"font-style:normal;font-weight:100\">Ensomhed peges p\u00e5 som en st\u00f8rre trussel end klimaforandringer. Hvordan forst\u00e5r vi det?<\/p>\n<\/div><figure class=\"wp-block-media-text__media\" style=\"background-image:url(https:\/\/dkembracingtheroot.taot.dk\/wp-content\/uploads\/2024\/09\/026A7132_maikenkildegaard_embracing_the_root_2024-1024x683.jpg);background-position:1% 62%\"><img loading=\"lazy\" decoding=\"async\" width=\"1024\" height=\"683\" src=\"https:\/\/dkembracingtheroot.taot.dk\/wp-content\/uploads\/2024\/09\/026A7132_maikenkildegaard_embracing_the_root_2024-1024x683.jpg\" alt=\"\" class=\"wp-image-1443 size-full\" srcset=\"https:\/\/dkembracingtheroot.taot.dk\/wp-content\/uploads\/2024\/09\/026A7132_maikenkildegaard_embracing_the_root_2024-1024x683.jpg 1024w, https:\/\/dkembracingtheroot.taot.dk\/wp-content\/uploads\/2024\/09\/026A7132_maikenkildegaard_embracing_the_root_2024-300x200.jpg 300w, https:\/\/dkembracingtheroot.taot.dk\/wp-content\/uploads\/2024\/09\/026A7132_maikenkildegaard_embracing_the_root_2024-768x512.jpg 768w, https:\/\/dkembracingtheroot.taot.dk\/wp-content\/uploads\/2024\/09\/026A7132_maikenkildegaard_embracing_the_root_2024-1536x1024.jpg 1536w, https:\/\/dkembracingtheroot.taot.dk\/wp-content\/uploads\/2024\/09\/026A7132_maikenkildegaard_embracing_the_root_2024-2048x1365.jpg 2048w\" sizes=\"auto, (max-width: 1024px) 100vw, 1024px\" \/><\/figure><\/div>\n<\/div>\n<\/div>\n\n\n\n<div class=\"wp-block-columns alignwide is-layout-flex wp-container-core-columns-is-layout-28f84493 wp-block-columns-is-layout-flex\">\n<div class=\"wp-block-column is-layout-flow wp-block-column-is-layout-flow\" style=\"flex-basis:100%\">\n<div class=\"wp-block-media-text is-stacked-on-mobile is-image-fill\"><figure class=\"wp-block-media-text__media\" style=\"background-image:url(https:\/\/dkembracingtheroot.taot.dk\/wp-content\/uploads\/2024\/09\/026A7119_maikenkildegaard_embracing_the_root_2024-1024x683.jpg);background-position:50% 50%\"><img loading=\"lazy\" decoding=\"async\" width=\"1024\" height=\"683\" src=\"https:\/\/dkembracingtheroot.taot.dk\/wp-content\/uploads\/2024\/09\/026A7119_maikenkildegaard_embracing_the_root_2024-1024x683.jpg\" alt=\"\" class=\"wp-image-1441 size-full\" srcset=\"https:\/\/dkembracingtheroot.taot.dk\/wp-content\/uploads\/2024\/09\/026A7119_maikenkildegaard_embracing_the_root_2024-1024x683.jpg 1024w, https:\/\/dkembracingtheroot.taot.dk\/wp-content\/uploads\/2024\/09\/026A7119_maikenkildegaard_embracing_the_root_2024-300x200.jpg 300w, https:\/\/dkembracingtheroot.taot.dk\/wp-content\/uploads\/2024\/09\/026A7119_maikenkildegaard_embracing_the_root_2024-768x512.jpg 768w, https:\/\/dkembracingtheroot.taot.dk\/wp-content\/uploads\/2024\/09\/026A7119_maikenkildegaard_embracing_the_root_2024-1536x1024.jpg 1536w, https:\/\/dkembracingtheroot.taot.dk\/wp-content\/uploads\/2024\/09\/026A7119_maikenkildegaard_embracing_the_root_2024-2048x1365.jpg 2048w\" sizes=\"auto, (max-width: 1024px) 100vw, 1024px\" \/><\/figure><div class=\"wp-block-media-text__content\">\n<p class=\"has-system-sans-serif-font-family has-large-font-size\">EMBRACING THE ROOT taler om forbindelse.<\/p>\n\n\n\n<p class=\"has-system-sans-serif-font-family\" style=\"font-style:normal;font-weight:100\">Ved hj\u00e6lp af hjernevidenskab og nyere forskning om r\u00f8ddernes netv\u00e6rk og kommunikation unders\u00f8ger vi temaer som menneskelig ensomhed, ubalancer og potentiel overgivelse til livets pr\u00e6misser.<\/p>\n\n\n\n<p class=\"has-system-sans-serif-font-family\" style=\"font-style:normal;font-weight:100\">Det mest befriende ved at opleve naturen omkring os, er m\u00e5ske det faktum, at naturen ikke \u00e6ndrer sig, om vi er triste eller glade. Det er bare up\u00e5virket af vores tilstand.<\/p>\n\n\n\n<p class=\"has-system-sans-serif-font-family\" style=\"font-style:normal;font-weight:100\">Det er forbundet p\u00e5 alle niveauer, og danner et sublimt system. Den form for rummelighed findes ikke mange steder, om ikke andet end i naturen, og omfanget af sammenh\u00e6ng v\u00e6kker refleksion og uendelig inspiration.<\/p>\n<\/div><\/div>\n<\/div>\n<\/div>\n\n\n\n<p><\/p>\n","protected":false},"excerpt":{"rendered":"<p>EMBRACING THE ROOT er scenekunst med musik, drama, dukker og planter i bev\u00e6gelse.Forestillingen inviterer publikum ind i en magisk verden med tr\u00e6er, r\u00f8dder og dukker som hovedakt\u00f8rerne i en sanselig&nbsp;musikdramatisk fantasi om sammenh\u00e6ng og f\u00e6llesskab.&nbsp; Ide og musik af New York-baserede komponist Carman Moore og danske skuespiller, sanger og iv\u00e6rks\u00e6tter Lotte Arnsbjerg. Dukker, scenografi og [&hellip;]<\/p>\n","protected":false},"author":1,"featured_media":0,"parent":0,"menu_order":0,"comment_status":"closed","ping_status":"closed","template":"page-no-title","meta":{"footnotes":""},"class_list":["post-27","page","type-page","status-publish","hentry"],"_links":{"self":[{"href":"https:\/\/dkembracingtheroot.taot.dk\/index.php\/wp-json\/wp\/v2\/pages\/27","targetHints":{"allow":["GET"]}}],"collection":[{"href":"https:\/\/dkembracingtheroot.taot.dk\/index.php\/wp-json\/wp\/v2\/pages"}],"about":[{"href":"https:\/\/dkembracingtheroot.taot.dk\/index.php\/wp-json\/wp\/v2\/types\/page"}],"author":[{"embeddable":true,"href":"https:\/\/dkembracingtheroot.taot.dk\/index.php\/wp-json\/wp\/v2\/users\/1"}],"replies":[{"embeddable":true,"href":"https:\/\/dkembracingtheroot.taot.dk\/index.php\/wp-json\/wp\/v2\/comments?post=27"}],"version-history":[{"count":18,"href":"https:\/\/dkembracingtheroot.taot.dk\/index.php\/wp-json\/wp\/v2\/pages\/27\/revisions"}],"predecessor-version":[{"id":1626,"href":"https:\/\/dkembracingtheroot.taot.dk\/index.php\/wp-json\/wp\/v2\/pages\/27\/revisions\/1626"}],"wp:attachment":[{"href":"https:\/\/dkembracingtheroot.taot.dk\/index.php\/wp-json\/wp\/v2\/media?parent=27"}],"curies":[{"name":"wp","href":"https:\/\/api.w.org\/{rel}","templated":true}]}}