{"id":53,"date":"2024-03-22T23:10:28","date_gmt":"2024-03-22T23:10:28","guid":{"rendered":"https:\/\/embracingtheroot.taot.dk\/?page_id=53"},"modified":"2024-09-25T22:43:54","modified_gmt":"2024-09-25T22:43:54","slug":"puppetry","status":"publish","type":"page","link":"https:\/\/dkembracingtheroot.taot.dk\/index.php\/puppetry\/","title":{"rendered":"DUKKERNE"},"content":{"rendered":"\n<div style=\"height:39px\" aria-hidden=\"true\" class=\"wp-block-spacer\"><\/div>\n\n\n\n<h2 class=\"wp-block-heading alignwide has-text-align-center is-style-default has-system-sans-serif-font-family\" style=\"font-size:clamp(1.403rem, 1.403rem + ((1vw - 0.2rem) * 1.495), 2.3rem);\">Fra dukkemagerens v\u00e6rksted<\/h2>\n\n\n\n<figure class=\"wp-block-gallery alignwide has-nested-images columns-default is-cropped wp-block-gallery-1 is-layout-flex wp-block-gallery-is-layout-flex\">\n<figure class=\"wp-block-image size-large\"><img loading=\"lazy\" decoding=\"async\" width=\"819\" height=\"1024\" data-id=\"1215\" src=\"https:\/\/dkembracingtheroot.taot.dk\/wp-content\/uploads\/2024\/08\/79F3C6AF-5E08-456A-B3ED-4E8D70F96B86-819x1024.jpg\" alt=\"\" class=\"wp-image-1215\" srcset=\"https:\/\/dkembracingtheroot.taot.dk\/wp-content\/uploads\/2024\/08\/79F3C6AF-5E08-456A-B3ED-4E8D70F96B86-819x1024.jpg 819w, https:\/\/dkembracingtheroot.taot.dk\/wp-content\/uploads\/2024\/08\/79F3C6AF-5E08-456A-B3ED-4E8D70F96B86-240x300.jpg 240w, https:\/\/dkembracingtheroot.taot.dk\/wp-content\/uploads\/2024\/08\/79F3C6AF-5E08-456A-B3ED-4E8D70F96B86-768x960.jpg 768w, https:\/\/dkembracingtheroot.taot.dk\/wp-content\/uploads\/2024\/08\/79F3C6AF-5E08-456A-B3ED-4E8D70F96B86-1229x1536.jpg 1229w, https:\/\/dkembracingtheroot.taot.dk\/wp-content\/uploads\/2024\/08\/79F3C6AF-5E08-456A-B3ED-4E8D70F96B86-1639x2048.jpg 1639w\" sizes=\"auto, (max-width: 819px) 100vw, 819px\" \/><\/figure>\n\n\n\n<figure class=\"wp-block-image size-large\"><img loading=\"lazy\" decoding=\"async\" width=\"1024\" height=\"1006\" data-id=\"1214\" src=\"https:\/\/dkembracingtheroot.taot.dk\/wp-content\/uploads\/2024\/08\/792E22FA-7FC4-44C3-AD2E-2FC12E513ED3-1024x1006.jpg\" alt=\"\" class=\"wp-image-1214\" srcset=\"https:\/\/dkembracingtheroot.taot.dk\/wp-content\/uploads\/2024\/08\/792E22FA-7FC4-44C3-AD2E-2FC12E513ED3-1024x1006.jpg 1024w, https:\/\/dkembracingtheroot.taot.dk\/wp-content\/uploads\/2024\/08\/792E22FA-7FC4-44C3-AD2E-2FC12E513ED3-300x295.jpg 300w, https:\/\/dkembracingtheroot.taot.dk\/wp-content\/uploads\/2024\/08\/792E22FA-7FC4-44C3-AD2E-2FC12E513ED3-768x754.jpg 768w, https:\/\/dkembracingtheroot.taot.dk\/wp-content\/uploads\/2024\/08\/792E22FA-7FC4-44C3-AD2E-2FC12E513ED3.jpg 1169w\" sizes=\"auto, (max-width: 1024px) 100vw, 1024px\" \/><\/figure>\n\n\n\n<figure class=\"wp-block-image size-large\"><img loading=\"lazy\" decoding=\"async\" width=\"819\" height=\"1024\" data-id=\"1219\" src=\"https:\/\/dkembracingtheroot.taot.dk\/wp-content\/uploads\/2024\/08\/E2B65E33-DDE6-4AB0-936F-0A11016A6B50-819x1024.jpg\" alt=\"\" class=\"wp-image-1219\" srcset=\"https:\/\/dkembracingtheroot.taot.dk\/wp-content\/uploads\/2024\/08\/E2B65E33-DDE6-4AB0-936F-0A11016A6B50-819x1024.jpg 819w, https:\/\/dkembracingtheroot.taot.dk\/wp-content\/uploads\/2024\/08\/E2B65E33-DDE6-4AB0-936F-0A11016A6B50-240x300.jpg 240w, https:\/\/dkembracingtheroot.taot.dk\/wp-content\/uploads\/2024\/08\/E2B65E33-DDE6-4AB0-936F-0A11016A6B50-768x960.jpg 768w, https:\/\/dkembracingtheroot.taot.dk\/wp-content\/uploads\/2024\/08\/E2B65E33-DDE6-4AB0-936F-0A11016A6B50-1229x1536.jpg 1229w, https:\/\/dkembracingtheroot.taot.dk\/wp-content\/uploads\/2024\/08\/E2B65E33-DDE6-4AB0-936F-0A11016A6B50-1638x2048.jpg 1638w, https:\/\/dkembracingtheroot.taot.dk\/wp-content\/uploads\/2024\/08\/E2B65E33-DDE6-4AB0-936F-0A11016A6B50-scaled.jpg 2048w\" sizes=\"auto, (max-width: 819px) 100vw, 819px\" \/><\/figure>\n\n\n\n<figure class=\"wp-block-image size-large\"><img decoding=\"async\" data-id=\"1218\" src=\"https:\/\/dkembracingtheroot.taot.dk\/wp-content\/uploads\/2024\/08\/IMG_0990.heic\" alt=\"\" class=\"wp-image-1218\"\/><\/figure>\n\n\n\n<figure class=\"wp-block-image size-large\"><img decoding=\"async\" data-id=\"1220\" src=\"https:\/\/dkembracingtheroot.taot.dk\/wp-content\/uploads\/2024\/08\/IMG_1098.heic\" alt=\"\" class=\"wp-image-1220\"\/><\/figure>\n\n\n\n<figure class=\"wp-block-image size-large\"><img decoding=\"async\" data-id=\"1213\" src=\"https:\/\/dkembracingtheroot.taot.dk\/wp-content\/uploads\/2024\/08\/IMG_8566.heic\" alt=\"\" class=\"wp-image-1213\"\/><\/figure>\n\n\n\n<figure class=\"wp-block-image size-large\"><img decoding=\"async\" data-id=\"1212\" src=\"https:\/\/dkembracingtheroot.taot.dk\/wp-content\/uploads\/2024\/08\/IMG_8597.heic\" alt=\"\" class=\"wp-image-1212\"\/><\/figure>\n\n\n\n<figure class=\"wp-block-image size-large\"><img decoding=\"async\" data-id=\"1217\" src=\"https:\/\/dkembracingtheroot.taot.dk\/wp-content\/uploads\/2024\/08\/IMG_9353.heic\" alt=\"\" class=\"wp-image-1217\"\/><\/figure>\n<\/figure>\n\n\n\n<h2 class=\"wp-block-heading alignwide has-text-align-center\">Fluen<\/h2>\n\n\n\n<div class=\"wp-block-group alignwide is-nowrap is-layout-flex wp-container-core-group-is-layout-6c531013 wp-block-group-is-layout-flex\">\n<p>Fluerne i Embracing the Root kan andet end blot at irritere os med deres uforst\u00e5elige, summende lyde. Som alt andet i naturen, har de betydning, og da vores hovedperson bliver indlagt p\u00e5 psykiatrisk hospital, er det pludselig fluerne der kommer hende til unds\u00e6tning og viser hende nye forbindelser til naturens vibrerende og iboende ressourcer..<\/p>\n<\/div>\n\n\n\n<div class=\"wp-block-columns alignwide is-layout-flex wp-container-core-columns-is-layout-28f84493 wp-block-columns-is-layout-flex\">\n<div class=\"wp-block-column is-layout-flow wp-block-column-is-layout-flow\"><\/div>\n<\/div>\n\n\n\n<div class=\"wp-block-group alignwide is-nowrap is-layout-flex wp-container-core-group-is-layout-6c531013 wp-block-group-is-layout-flex\">\n<figure class=\"wp-block-video\"><video controls src=\"https:\/\/dkembracingtheroot.taot.dk\/wp-content\/uploads\/2024\/07\/40e772fd539b4f0fbc1a8e6e85287ecd.mov\"><\/video><\/figure>\n\n\n\n<figure class=\"wp-block-video\"><video controls src=\"https:\/\/dkembracingtheroot.taot.dk\/wp-content\/uploads\/2024\/07\/Min-film-105.mov\"><\/video><\/figure>\n<\/div>\n\n\n\n<figure class=\"wp-block-gallery alignwide has-nested-images columns-default is-cropped wp-block-gallery-2 is-layout-flex wp-block-gallery-is-layout-flex\">\n<figure class=\"wp-block-image size-large\"><img loading=\"lazy\" decoding=\"async\" width=\"768\" height=\"1024\" data-id=\"1094\" src=\"https:\/\/dkembracingtheroot.taot.dk\/wp-content\/uploads\/2024\/07\/IMG_0082-1-768x1024.jpeg\" alt=\"\" class=\"wp-image-1094\" srcset=\"https:\/\/dkembracingtheroot.taot.dk\/wp-content\/uploads\/2024\/07\/IMG_0082-1-768x1024.jpeg 768w, https:\/\/dkembracingtheroot.taot.dk\/wp-content\/uploads\/2024\/07\/IMG_0082-1-225x300.jpeg 225w, https:\/\/dkembracingtheroot.taot.dk\/wp-content\/uploads\/2024\/07\/IMG_0082-1-1152x1536.jpeg 1152w, https:\/\/dkembracingtheroot.taot.dk\/wp-content\/uploads\/2024\/07\/IMG_0082-1-1536x2048.jpeg 1536w, https:\/\/dkembracingtheroot.taot.dk\/wp-content\/uploads\/2024\/07\/IMG_0082-1-scaled.jpeg 1920w\" sizes=\"auto, (max-width: 768px) 100vw, 768px\" \/><\/figure>\n\n\n\n<figure class=\"wp-block-image size-large\"><img loading=\"lazy\" decoding=\"async\" width=\"768\" height=\"1024\" data-id=\"1095\" src=\"https:\/\/dkembracingtheroot.taot.dk\/wp-content\/uploads\/2024\/07\/IMG_0095-1-768x1024.jpeg\" alt=\"\" class=\"wp-image-1095\" srcset=\"https:\/\/dkembracingtheroot.taot.dk\/wp-content\/uploads\/2024\/07\/IMG_0095-1-768x1024.jpeg 768w, https:\/\/dkembracingtheroot.taot.dk\/wp-content\/uploads\/2024\/07\/IMG_0095-1-225x300.jpeg 225w, https:\/\/dkembracingtheroot.taot.dk\/wp-content\/uploads\/2024\/07\/IMG_0095-1-1152x1536.jpeg 1152w, https:\/\/dkembracingtheroot.taot.dk\/wp-content\/uploads\/2024\/07\/IMG_0095-1-1536x2048.jpeg 1536w, https:\/\/dkembracingtheroot.taot.dk\/wp-content\/uploads\/2024\/07\/IMG_0095-1-scaled.jpeg 1920w\" sizes=\"auto, (max-width: 768px) 100vw, 768px\" \/><\/figure>\n\n\n\n<figure class=\"wp-block-image size-large\"><img loading=\"lazy\" decoding=\"async\" width=\"768\" height=\"1024\" data-id=\"1093\" src=\"https:\/\/dkembracingtheroot.taot.dk\/wp-content\/uploads\/2024\/07\/IMG_0558-1-768x1024.jpeg\" alt=\"\" class=\"wp-image-1093\" srcset=\"https:\/\/dkembracingtheroot.taot.dk\/wp-content\/uploads\/2024\/07\/IMG_0558-1-768x1024.jpeg 768w, https:\/\/dkembracingtheroot.taot.dk\/wp-content\/uploads\/2024\/07\/IMG_0558-1-225x300.jpeg 225w, https:\/\/dkembracingtheroot.taot.dk\/wp-content\/uploads\/2024\/07\/IMG_0558-1-1152x1536.jpeg 1152w, https:\/\/dkembracingtheroot.taot.dk\/wp-content\/uploads\/2024\/07\/IMG_0558-1-1536x2048.jpeg 1536w, https:\/\/dkembracingtheroot.taot.dk\/wp-content\/uploads\/2024\/07\/IMG_0558-1-scaled.jpeg 1920w\" sizes=\"auto, (max-width: 768px) 100vw, 768px\" \/><\/figure>\n<\/figure>\n\n\n\n<h2 class=\"wp-block-heading alignwide has-text-align-center has-system-sans-serif-font-family\">Urfuglen &amp; \u00c6gget<\/h2>\n\n\n\n<div class=\"wp-block-group alignwide is-nowrap is-layout-flex wp-container-core-group-is-layout-6c531013 wp-block-group-is-layout-flex\">\n<p>N\u00e5r vores hovedperson i Embracing the Root, den succesdrevne forsker, finder et sj\u00e6ldent \u00e6g fra en forhistorisk urfugl, bliver hendes unders\u00f8gelse af jordens og plantelivets skabelse sat p\u00e5 pr\u00f8ve. For kan de to m\u00f8des i et f\u00e6llesskab, hvor de begge bliver h\u00f8rt? Og hvor g\u00e5r gr\u00e6nsen mellem unders\u00f8gelse og misbrug?<\/p>\n<\/div>\n\n\n\n<div class=\"wp-block-group alignwide is-nowrap is-layout-flex wp-container-core-group-is-layout-6c531013 wp-block-group-is-layout-flex\">\n<figure class=\"wp-block-video\"><video controls src=\"https:\/\/dkembracingtheroot.taot.dk\/wp-content\/uploads\/2024\/07\/55006602bcc845248e6d0f5374cb03b2.mov\"><\/video><\/figure>\n\n\n\n<figure class=\"wp-block-video\"><video controls src=\"https:\/\/dkembracingtheroot.taot.dk\/wp-content\/uploads\/2024\/07\/IMG_0442-1.mov\"><\/video><\/figure>\n<\/div>\n\n\n\n<figure class=\"wp-block-gallery alignwide has-nested-images columns-default is-cropped wp-block-gallery-3 is-layout-flex wp-block-gallery-is-layout-flex\">\n<figure class=\"wp-block-image size-large\"><img loading=\"lazy\" decoding=\"async\" width=\"1024\" height=\"1024\" data-id=\"1092\" src=\"https:\/\/dkembracingtheroot.taot.dk\/wp-content\/uploads\/2024\/07\/6E4F3E6C-F36F-4D3C-B286-7F6A26DD3D57-1024x1024.jpeg\" alt=\"\" class=\"wp-image-1092\" srcset=\"https:\/\/dkembracingtheroot.taot.dk\/wp-content\/uploads\/2024\/07\/6E4F3E6C-F36F-4D3C-B286-7F6A26DD3D57-1024x1024.jpeg 1024w, https:\/\/dkembracingtheroot.taot.dk\/wp-content\/uploads\/2024\/07\/6E4F3E6C-F36F-4D3C-B286-7F6A26DD3D57-300x300.jpeg 300w, https:\/\/dkembracingtheroot.taot.dk\/wp-content\/uploads\/2024\/07\/6E4F3E6C-F36F-4D3C-B286-7F6A26DD3D57-150x150.jpeg 150w, https:\/\/dkembracingtheroot.taot.dk\/wp-content\/uploads\/2024\/07\/6E4F3E6C-F36F-4D3C-B286-7F6A26DD3D57-768x768.jpeg 768w, https:\/\/dkembracingtheroot.taot.dk\/wp-content\/uploads\/2024\/07\/6E4F3E6C-F36F-4D3C-B286-7F6A26DD3D57.jpeg 1054w\" sizes=\"auto, (max-width: 1024px) 100vw, 1024px\" \/><\/figure>\n\n\n\n<figure class=\"wp-block-image size-large\"><img loading=\"lazy\" decoding=\"async\" width=\"768\" height=\"1024\" data-id=\"1096\" src=\"https:\/\/dkembracingtheroot.taot.dk\/wp-content\/uploads\/2024\/07\/IMG_0560-768x1024.jpeg\" alt=\"\" class=\"wp-image-1096\" srcset=\"https:\/\/dkembracingtheroot.taot.dk\/wp-content\/uploads\/2024\/07\/IMG_0560-768x1024.jpeg 768w, https:\/\/dkembracingtheroot.taot.dk\/wp-content\/uploads\/2024\/07\/IMG_0560-225x300.jpeg 225w, https:\/\/dkembracingtheroot.taot.dk\/wp-content\/uploads\/2024\/07\/IMG_0560-1152x1536.jpeg 1152w, https:\/\/dkembracingtheroot.taot.dk\/wp-content\/uploads\/2024\/07\/IMG_0560-1536x2048.jpeg 1536w, https:\/\/dkembracingtheroot.taot.dk\/wp-content\/uploads\/2024\/07\/IMG_0560-scaled.jpeg 1920w\" sizes=\"auto, (max-width: 768px) 100vw, 768px\" \/><\/figure>\n\n\n\n<figure class=\"wp-block-image size-large\"><img loading=\"lazy\" decoding=\"async\" width=\"1024\" height=\"768\" data-id=\"1097\" src=\"https:\/\/dkembracingtheroot.taot.dk\/wp-content\/uploads\/2024\/07\/IMG_0720-1024x768.jpeg\" alt=\"\" class=\"wp-image-1097\" srcset=\"https:\/\/dkembracingtheroot.taot.dk\/wp-content\/uploads\/2024\/07\/IMG_0720-1024x768.jpeg 1024w, https:\/\/dkembracingtheroot.taot.dk\/wp-content\/uploads\/2024\/07\/IMG_0720-300x225.jpeg 300w, https:\/\/dkembracingtheroot.taot.dk\/wp-content\/uploads\/2024\/07\/IMG_0720-768x576.jpeg 768w, https:\/\/dkembracingtheroot.taot.dk\/wp-content\/uploads\/2024\/07\/IMG_0720-1536x1152.jpeg 1536w, https:\/\/dkembracingtheroot.taot.dk\/wp-content\/uploads\/2024\/07\/IMG_0720-2048x1536.jpeg 2048w\" sizes=\"auto, (max-width: 1024px) 100vw, 1024px\" \/><\/figure>\n<\/figure>\n\n\n\n<p>  Dukkebygger:           <strong>Rolf Soeborg Hansen<\/strong><\/p>\n\n\n\n<hr class=\"wp-block-separator alignwide has-text-color has-base-2-color has-alpha-channel-opacity has-base-2-background-color has-background\"\/>\n\n\n\n<figure class=\"wp-block-gallery alignwide has-nested-images columns-default is-cropped wp-block-gallery-4 is-layout-flex wp-block-gallery-is-layout-flex\">\n<figure class=\"wp-block-image size-large\"><img decoding=\"async\" data-id=\"58\" src=\"https:\/\/embracingtheroot.taot.dk\/wp-content\/uploads\/2024\/03\/5.ETR_.FOTOGRAF-THERESE-BUCH-ANDERSEN.jpg-768x1024.jpg\" alt=\"\" class=\"wp-image-58\"\/><\/figure>\n\n\n\n<figure class=\"wp-block-image size-large\"><img decoding=\"async\" data-id=\"59\" src=\"https:\/\/embracingtheroot.taot.dk\/wp-content\/uploads\/2024\/03\/Evi-og-Signe-819x1024.jpeg\" alt=\"\" class=\"wp-image-59\"\/><\/figure>\n\n\n\n<figure class=\"wp-block-image size-large\"><img decoding=\"async\" data-id=\"60\" src=\"https:\/\/embracingtheroot.taot.dk\/wp-content\/uploads\/2024\/03\/stor-dukke-med-spredte-arme--1024x576.jpeg\" alt=\"\" class=\"wp-image-60\"\/><\/figure>\n<\/figure>\n\n\n\n<div class=\"wp-block-columns alignwide is-layout-flex wp-container-core-columns-is-layout-28f84493 wp-block-columns-is-layout-flex\">\n<div class=\"wp-block-column is-layout-flow wp-block-column-is-layout-flow\">\n<p class=\"has-large-font-size\" style=\"font-style:normal;font-weight:700\">Elementet af empati<\/p>\n\n\n\n<p>Dukketeater har en unik evne til at fungere som et kar for publikum at h\u00e6lde sig ind i. Et objekt p\u00e5 scenen er langt nemmere at have empati med p\u00e5 grund af objektets &#8220;tomhed&#8221; eller &#8220;livl\u00f8shed&#8221;. Vi fylder den tomhed med os selv, som placerer beskueren et langt mere s\u00e5rbart og l\u00e6renemt sted. Overf\u00f8rslen af \u200b\u200bos selv til objektet (dukken) fratager os mange af vores forsvar og hindringer, der g\u00f8r det lettere for os ikke at opleve teater fuldt ud. I denne fuldt oplevelsesm\u00e6ssige tilstand bliver vi &#8220;superempatiske&#8221; og forbinder os med dukkefigurerne p\u00e5 m\u00e5der, der er helt anderledes, end man ville, hvis de s\u00e5 skuespillere.<\/p>\n\n\n\n<p class=\"has-large-font-size\"><strong>Mod at skabe trygge rum for \u00f8get s\u00e5rbarhed<\/strong><\/p>\n\n\n\n<p>Et utroligt f\u00e6nomen sker under en objektbaseret forestilling. Publikum har droppet sit forsvar og gennemsyrer dukken alle de egenskaber, der er n\u00f8dvendige for at forst\u00e5, forbinde og indleve sig i, hvad karakteren k\u00e6mper med. Vi ser os selv opleve kampene og bruger vores egen menneskelighed til at internalisere kampen. I denne &#8220;\u00e6ndrede tilstand&#8221; kan man med langt st\u00f8rre klarhed komme til at forst\u00e5 s\u00e5danne g\u00e5defulde emner som psykisk sygdom, klima\u00e6ndringer og det indre af plantelivet med alle dets mysterier.<\/p>\n\n\n\n<p class=\"has-large-font-size\"><strong>Ans\u00e6ttelse af dukketeater i tr\u00e6ningsv\u00e6rksteder<\/strong><\/p>\n\n\n\n<p>Dukketeater bruges ofte i psykologiske og p\u00e6dagogiske omgivelser p\u00e5 grund af de egenskaber, der er skitseret ovenfor. Dukketeater g\u00f8r komplekse ideer mere tilg\u00e6ngelige samt fjerner mentale filtre, som kan udl\u00f8se ben\u00e6gtelse og andre forsvar, der g\u00f8r det vanskeligt at assimilere viden og forst\u00e5else. Klimavidenskab kan virke utilg\u00e6ngelig, endda forvirrende. I et v\u00e6rkstedsmilj\u00f8, der bruger dukketeater, kan man omfavne viden, der er skr\u00e6mmende, sv\u00e6r at forst\u00e5 og undvigende. En bredere bevidsthed kan opn\u00e5s, og man kan blive modtagelig for forskellige tankefrekvenser, hvor beviser b\u00e5de kan m\u00e6rkes og l\u00e6res. Id\u00e9er og sandhed bliver mere spiselige gennem udsendingen, der er dukketeater. Vores sind og kroppe bliver mere modtagelige for de tilsyneladende esoteriske videnskabelige sandheder.<\/p>\n<\/div>\n<\/div>\n\n\n\n<div style=\"height:40px\" aria-hidden=\"true\" class=\"wp-block-spacer\"><\/div>\n\n\n\n<figure class=\"wp-block-image alignwide size-full\"><img decoding=\"async\" src=\"https:\/\/embracingtheroot.taot.dk\/wp-content\/uploads\/2024\/03\/Billede-22.09.2023-kl.-15.30-1-scaled.jpeg\" alt=\"\" class=\"wp-image-91\"\/><\/figure>\n","protected":false},"excerpt":{"rendered":"<p>Fra dukkemagerens v\u00e6rksted Fluen Fluerne i Embracing the Root kan andet end blot at irritere os med deres uforst\u00e5elige, summende lyde. Som alt andet i naturen, har de betydning, og da vores hovedperson bliver indlagt p\u00e5 psykiatrisk hospital, er det pludselig fluerne der kommer hende til unds\u00e6tning og viser hende nye forbindelser til naturens vibrerende [&hellip;]<\/p>\n","protected":false},"author":1,"featured_media":0,"parent":0,"menu_order":0,"comment_status":"closed","ping_status":"closed","template":"page-no-title","meta":{"footnotes":""},"class_list":["post-53","page","type-page","status-publish","hentry"],"_links":{"self":[{"href":"https:\/\/dkembracingtheroot.taot.dk\/index.php\/wp-json\/wp\/v2\/pages\/53","targetHints":{"allow":["GET"]}}],"collection":[{"href":"https:\/\/dkembracingtheroot.taot.dk\/index.php\/wp-json\/wp\/v2\/pages"}],"about":[{"href":"https:\/\/dkembracingtheroot.taot.dk\/index.php\/wp-json\/wp\/v2\/types\/page"}],"author":[{"embeddable":true,"href":"https:\/\/dkembracingtheroot.taot.dk\/index.php\/wp-json\/wp\/v2\/users\/1"}],"replies":[{"embeddable":true,"href":"https:\/\/dkembracingtheroot.taot.dk\/index.php\/wp-json\/wp\/v2\/comments?post=53"}],"version-history":[{"count":31,"href":"https:\/\/dkembracingtheroot.taot.dk\/index.php\/wp-json\/wp\/v2\/pages\/53\/revisions"}],"predecessor-version":[{"id":1597,"href":"https:\/\/dkembracingtheroot.taot.dk\/index.php\/wp-json\/wp\/v2\/pages\/53\/revisions\/1597"}],"wp:attachment":[{"href":"https:\/\/dkembracingtheroot.taot.dk\/index.php\/wp-json\/wp\/v2\/media?parent=53"}],"curies":[{"name":"wp","href":"https:\/\/api.w.org\/{rel}","templated":true}]}}