{"id":772,"date":"2024-05-11T14:59:23","date_gmt":"2024-05-11T14:59:23","guid":{"rendered":"https:\/\/embracingtheroot.taot.dk\/?page_id=772"},"modified":"2024-07-25T12:24:10","modified_gmt":"2024-07-25T12:24:10","slug":"pressemeddellse","status":"publish","type":"page","link":"https:\/\/dkembracingtheroot.taot.dk\/index.php\/news\/pressemeddellse\/","title":{"rendered":"Pressemeddellse"},"content":{"rendered":"\n<div class=\"wp-block-group is-vertical is-layout-flex wp-container-core-group-is-layout-fe9cc265 wp-block-group-is-layout-flex\">\n<p><strong>Den 16. Maj kan du opleve smagspr\u00f8ver p\u00e5 et helt nyt teater univers, som udfolder sig p\u00e5 Refshale\u00f8en. Det g\u00e5r under titlen \u2018Embracing the Root\u2019 og unders\u00f8ger krydsfeltet mellem kunst, forskning og mental trivsel. Aftenen byder p\u00e5 meget andet godt, bl.a koncert med Kira Skov Trio.<\/strong><\/p>\n\n\n\n<p>Scenekunstprojektet \u2018Embracing the Root\u2019 er et internationalt kunstprojekt med r\u00f8dder i New York. Universet kulminerer i en forestilling med premiere til september, men allerede d. 16. maj kan man opleve en sanselig teaser og m\u00f8de nogle af projektets involverede forskere og fagprofessionelle.<\/p>\n\n\n\n<p>Udover smagspr\u00f8ver p\u00e5 Embracing the Root forestillingen byder eventet p\u00e5 koncert med Kira Skov Trio og andre livsberigende oplevelser som f.eks en helt speciel croquis model: multihandicappede Jeppe forchhammer og hans to (med-n\u00f8gne) handicaphj\u00e6lpere, interaktive selskabslege og korte opl\u00e6g ved bl.a fotograf og pioner Jacob Holdt, ph.D Anders S\u00f8rensen (aktuel med bogudgivelsen \u201cNoget I b\u00f8r vide.. om udtrapning af psykofarmaka), Askovfondens Kristian Bodenhoff og Pia Clementsen, formand ved Dansk Psykoterapeutforening.<\/p>\n\n\n\n<p>Der l\u00e6gges i ovnen til et brag af en aften, hvor sanselige oplevelser er fundamentet for m\u00f8der mellem kreative ildsj\u00e6le og mennesker, der s\u00f8ger positiv forandring i verden.<\/p>\n\n\n\n<p><strong>Om Embracing the Root<\/strong><\/p>\n\n\n\n<p>Embracing the Root er en musikdramatisk forestilling skabt af skuespiller\/sanger og iv\u00e6rks\u00e6tter Lotte Arnsbjerg og New York komponist Carman Moore i samarbejde med scenograf, dukke bygger og instrukt\u00f8r Rolf S\u00f8borg Hansen &#8211; og et internationalt cast af musikere, dansere og dukkespillere.<\/p>\n\n\n\n<p>Forestillingen fort\u00e6ller historien om en forsker, der midt i et ambiti\u00f8st projekt om stress selv oplever mentalt og fysisk kollaps, og m\u00e5 indl\u00e6gges p\u00e5 psykiatrisk hospital. Forestillingen anvender dukker, musik, stemmer og dans i formidlingen af sv\u00e6re f\u00f8lelser og den transformation, hovedpersonen gennemg\u00e5r.<\/p>\n\n\n\n<p><strong>Krydsfeltet mellem kunst og forskning<\/strong><\/p>\n\n\n\n<p>Embracing the Root s\u00e6tter fokus p\u00e5 mental trivsel som ul\u00f8seligt forbundet med klimakrisen og bruger kunsten som brobygger mellem samfundsressourcer, og til at skabe n\u00e6r forbindelse til hvad b\u00e6redygtighed kan v\u00e6re for det enkelte menneske, og for f\u00e6llesskabet. Visionen tager afs\u00e6t i medmenneskelig omsorg og adf\u00e6rdsm\u00e6ssig bevidsthed og skaber formidling om forbundethed, s\u00e5 det kan m\u00e6rkes i kroppen. Forestillingen er st\u00e6rkt inspireret af kvantefysikken og samarbejder med f\u00f8rende forskere og fagprofessionelle, for mere sammenh\u00e6ng mellem teori og liv i praksis.<\/p>\n\n\n\n<p>Med projektet skabes oplevelsesrum, der s\u00e6tter mennesker i kontakt med, hvordan vi egentlig har det &#8211; og hvordan vi gennem naturen i os selv og omkring os, kan komme t\u00e6ttere p\u00e5 forst\u00e5elsen af forbundethed, som en forskningsbaseret realitet.<\/p>\n\n\n\n<p>Projektet er stiftet af danske skuespiller, sanger, iv\u00e6rks\u00e6tter Lotte Arnsbjerg og amerikanske komponist og musiker Carman Moore. De to kunstnere har dannet kreativt makkerskab gennem de sidste 15 \u00e5r og har bl.a turneret i DK og USA med forestillingen Pigen Under Vandet: En autobiografisk forestilling om transformation fra seksuelle overgreb i tidlig barndom til styrket liv.<\/p>\n\n\n\n<p>Embracing the Root tager nu visionen om transformation til et kollektivt perspektiv og resulterer i 15 forestillinger i Teater\u00f8ens sk\u00f8nne store teatersal med premiere d. 17. September 2024. Derfra f\u00f8res projektet videre til samarbejde med partnere i USA, Europa og \u00f8vrige verden.<\/p>\n\n\n\n<div class=\"wp-block-group has-global-padding is-layout-constrained wp-block-group-is-layout-constrained\">\n<div class=\"wp-block-group has-global-padding is-layout-constrained wp-block-group-is-layout-constrained\">\n<p><strong>Fakta om eventet den 16. maj<\/strong><\/p>\n\n\n\n<p>Embracing the Root er f\u00f8rst og fremmest en musikdramatisk forestilling med dukker, musikere, dansere og et eventyrligt univers med afs\u00e6t i tr\u00e6ernes rodnet.<\/p>\n\n\n\n<p><strong>Til eventet den 16. Maj vil du bl.a opleve:<\/strong><\/p>\n\n\n\n<ul class=\"wp-block-list\">\n<li>\u25cf &nbsp;Smugkig ind i det kunstneriske univers bag den kommende forestilling<\/li>\n\n\n\n<li>\u25cf &nbsp;Appetitv\u00e6kker fra arbejdet med forestillingen \u2018Embracing the Root\u201d<\/li>\n\n\n\n<li>\u25cf &nbsp;Musik, performance indslag, dialog og m\u00f8der med mennesker der \u00f8nskerforandring<\/li>\n\n\n\n<li>\u25cf &nbsp;Forskere, filosoffer og pionerer, der ser kunsten som forandringsskabenderessource i klima handling og indsatser for bedre mental trivsel<\/li>\n\n\n\n<li>\u25cf &nbsp;Koncert med Felix Arthur<\/li>\n\n\n\n<li>\u25cf &nbsp;Koncert med Kira Skov Trio<\/li>\n\n\n\n<li>\u25cf &nbsp;Mennesker, der \u00f8nsker forbundethed med hinanden, naturen og i verden<\/li>\n<\/ul>\n<\/div>\n<\/div>\n\n\n\n<p>Link til billetto:<\/p>\n\n\n\n<p><a href=\"https:\/\/billetto.dk\/e\/embracing-the-root-performance-koncert-fest-billetter-975558?ut m_source=billetto+advertising&amp;utm_medium=billetto&amp;utm_campaign=category&amp;utm _content=sc-44-dk&amp;vs=06289188-49c1-49af-80e4-6f05b66a6dcd\">K\u00f8b billet her<\/a><\/p>\n<\/div>\n","protected":false},"excerpt":{"rendered":"<p>Den 16. Maj kan du opleve smagspr\u00f8ver p\u00e5 et helt nyt teater univers, som udfolder sig p\u00e5 Refshale\u00f8en. Det g\u00e5r under titlen \u2018Embracing the Root\u2019 og unders\u00f8ger krydsfeltet mellem kunst, forskning og mental trivsel. Aftenen byder p\u00e5 meget andet godt, bl.a koncert med Kira Skov Trio. Scenekunstprojektet \u2018Embracing the Root\u2019 er et internationalt kunstprojekt med [&hellip;]<\/p>\n","protected":false},"author":1,"featured_media":0,"parent":345,"menu_order":0,"comment_status":"closed","ping_status":"closed","template":"","meta":{"footnotes":""},"class_list":["post-772","page","type-page","status-publish","hentry"],"_links":{"self":[{"href":"https:\/\/dkembracingtheroot.taot.dk\/index.php\/wp-json\/wp\/v2\/pages\/772","targetHints":{"allow":["GET"]}}],"collection":[{"href":"https:\/\/dkembracingtheroot.taot.dk\/index.php\/wp-json\/wp\/v2\/pages"}],"about":[{"href":"https:\/\/dkembracingtheroot.taot.dk\/index.php\/wp-json\/wp\/v2\/types\/page"}],"author":[{"embeddable":true,"href":"https:\/\/dkembracingtheroot.taot.dk\/index.php\/wp-json\/wp\/v2\/users\/1"}],"replies":[{"embeddable":true,"href":"https:\/\/dkembracingtheroot.taot.dk\/index.php\/wp-json\/wp\/v2\/comments?post=772"}],"version-history":[{"count":1,"href":"https:\/\/dkembracingtheroot.taot.dk\/index.php\/wp-json\/wp\/v2\/pages\/772\/revisions"}],"predecessor-version":[{"id":1132,"href":"https:\/\/dkembracingtheroot.taot.dk\/index.php\/wp-json\/wp\/v2\/pages\/772\/revisions\/1132"}],"up":[{"embeddable":true,"href":"https:\/\/dkembracingtheroot.taot.dk\/index.php\/wp-json\/wp\/v2\/pages\/345"}],"wp:attachment":[{"href":"https:\/\/dkembracingtheroot.taot.dk\/index.php\/wp-json\/wp\/v2\/media?parent=772"}],"curies":[{"name":"wp","href":"https:\/\/api.w.org\/{rel}","templated":true}]}}